{"id":575,"date":"2021-09-15T06:00:42","date_gmt":"2021-09-15T06:00:42","guid":{"rendered":"https:\/\/cantinhodospetiscos.com\/2025\/about-us\/"},"modified":"2025-10-22T09:37:15","modified_gmt":"2025-10-22T09:37:15","slug":"about-us","status":"publish","type":"page","link":"https:\/\/cantinhodospetiscos.com\/en\/about-us\/","title":{"rendered":"About Us"},"content":{"rendered":"<!--themify_builder_content-->\n<div id=\"themify_builder_content-575\" data-postid=\"575\" class=\"themify_builder_content themify_builder_content-575 themify_builder tf_clear\">\n                    <div  data-lazy=\"1\" class=\"module_row themify_builder_row tb_azd3111 tb_first tf_w\">\n                        <div class=\"row_inner col_align_top tb_col_count_1 tf_box tf_rel\">\n                        <div  data-lazy=\"1\" class=\"module_column tb-column col-full tb_1k6b113 first\">\n                    <!-- module text -->\n<div  class=\"module module-text tb_4g3d724   \" data-lazy=\"1\">\n        <div  class=\"tb_text_wrap\">\n        <h1>About Us<\/h1>    <\/div>\n<\/div>\n<!-- \/module text -->        <\/div>\n                        <\/div>\n        <\/div>\n                        <div  data-lazy=\"1\" class=\"module_row themify_builder_row tb_zder959 tf_w\">\n                        <div class=\"row_inner col_align_top tb_col_count_2 tf_box tf_rel\">\n                        <div  data-lazy=\"1\" class=\"module_column tb-column col4-2 tb_d9wb960 first\">\n                    <!-- module text -->\n<div  class=\"module module-text tb_42nk960   \" data-lazy=\"1\">\n        <div  class=\"tb_text_wrap\">\n        <h2>The Quality of What We Serve and our Professionalism<\/h2>    <\/div>\n<\/div>\n<!-- \/module text --><!-- module text -->\n<div  class=\"module module-text tb_e4n1960   \" data-lazy=\"1\">\n        <div  class=\"tb_text_wrap\">\n        <h2>Decades of Experience<\/h2>    <\/div>\n<\/div>\n<!-- \/module text -->        <\/div>\n                    <div  data-lazy=\"1\" class=\"module_column tb-column col4-2 tb_1c9i960 last\">\n                    <!-- module text -->\n<div  class=\"module module-text tb_e5m6960   \" data-lazy=\"1\">\n        <div  class=\"tb_text_wrap\">\n        <p>At Cantinho dos Petiscos, we know you like to feel good when you decide to dine out. That&#8217;s why we focus on three factors: the quality of the ingredients, the expertise of those who prepare them, and the atmosphere we offer.<\/p>\n<p>In the kitchen, we have decades of knowledge combined from our three cooks. The ingredients come largely from local suppliers, especially the fish, seafood, and meats that arrive daily from the Market. The atmosphere is a mix of something familiar and intimate with the typical identity of Set\u00fabal.<\/p>\n<p>Come and you&#8217;ll like it&#8230;<\/p>    <\/div>\n<\/div>\n<!-- \/module text -->        <\/div>\n                        <\/div>\n        <\/div>\n                        <div  data-lazy=\"1\" class=\"module_row themify_builder_row tb_fjjj262 tf_w\">\n                        <div class=\"row_inner col_align_top tb_col_count_3 tf_box tf_rel\">\n                        <div  data-lazy=\"1\" class=\"module_column tb-column col3-1 tb_kfyu264 first\">\n                    <!-- module image -->\n<div  class=\"module module-image tb_vi3t125 image-center   auto_fullwidth tf_mw\" data-lazy=\"1\">\n        <div class=\"image-wrap tf_rel tf_mw\">\n            <img loading=\"lazy\" decoding=\"async\" src=\"https:\/\/cantinhodospetiscos.com\/2025\/wp-content\/uploads\/2025\/10\/sobre_nos01.jpg\" width=\"500\" height=\"500\" title=\"About Us\" alt=\"About Us\">    \n        <\/div>\n    <!-- \/image-wrap -->\n    \n        <\/div>\n<!-- \/module image --><!-- module text -->\n<div  class=\"module module-text tb_tlw4188   \" data-lazy=\"1\">\n        <div  class=\"tb_text_wrap\">\n        <h2>Mrs. Le\u00f3nida<\/h2>    <\/div>\n<\/div>\n<!-- \/module text -->        <\/div>\n                    <div  data-lazy=\"1\" class=\"module_column tb-column col3-1 tb_23rl461\">\n                    <!-- module image -->\n<div  class=\"module module-image tb_qdic461 image-center   auto_fullwidth tf_mw\" data-lazy=\"1\">\n        <div class=\"image-wrap tf_rel tf_mw\">\n            <img loading=\"lazy\" decoding=\"async\" src=\"https:\/\/cantinhodospetiscos.com\/2025\/wp-content\/uploads\/2025\/10\/sobre_nos02.jpg\" width=\"500\" height=\"500\" title=\"About Us\" alt=\"About Us\">    \n        <\/div>\n    <!-- \/image-wrap -->\n    \n        <\/div>\n<!-- \/module image --><!-- module text -->\n<div  class=\"module module-text tb_8giz461   \" data-lazy=\"1\">\n        <div  class=\"tb_text_wrap\">\n        <h2>Fried Cuttlefish<\/h2>    <\/div>\n<\/div>\n<!-- \/module text -->        <\/div>\n                    <div  data-lazy=\"1\" class=\"module_column tb-column col3-1 tb_wwga812 last\">\n                    <!-- module image -->\n<div  class=\"module module-image tb_tv8w812 image-center   auto_fullwidth tf_mw\" data-lazy=\"1\">\n        <div class=\"image-wrap tf_rel tf_mw\">\n            <img loading=\"lazy\" decoding=\"async\" src=\"https:\/\/cantinhodospetiscos.com\/2025\/wp-content\/uploads\/2025\/10\/sobre_nos03.jpg\" width=\"500\" height=\"500\" title=\"About Us\" alt=\"About Us\">    \n        <\/div>\n    <!-- \/image-wrap -->\n    \n        <\/div>\n<!-- \/module image --><!-- module text -->\n<div  class=\"module module-text tb_cypq812   \" data-lazy=\"1\">\n        <div  class=\"tb_text_wrap\">\n        <h2>Tradition<\/h2>    <\/div>\n<\/div>\n<!-- \/module text -->        <\/div>\n                        <\/div>\n        <\/div>\n                        <div  data-lazy=\"1\" class=\"module_row themify_builder_row tb_vdfm815 tf_w\">\n                        <div class=\"row_inner col_align_top tb_col_count_1 tf_box tf_rel\">\n                        <div  data-lazy=\"1\" class=\"module_column tb-column col-full tb_578e817 first\">\n                            <div  data-lazy=\"1\" class=\"module_subrow themify_builder_sub_row tf_w col_align_top tb_col_count_1 tb_5tza110\">\n                <div  data-lazy=\"1\" class=\"module_column sub_column col-full tb_zx5w113 first\">\n                    <!-- module text -->\n<div  class=\"module module-text tb_iru0648   \" data-lazy=\"1\">\n        <div  class=\"tb_text_wrap\">\n        <p id=\"tw-target-text\" class=\"tw-data-text tw-text-large tw-ta\" dir=\"ltr\" tabindex=\"-1\" role=\"text\" data-placeholder=\"Tradu\u00e7\u00e3o\" data-ved=\"2ahUKEwjy6Y7Oya6QAxVgA9sEHbSBN2oQ3ewLegQIDBAV\" aria-label=\"Texto traduzido: Abrimos o ano todo, servindo caf\u00e9 da manh\u00e3, almo\u00e7o e jantar. Nosso card\u00e1pio \u00e9 atualizado periodicamente com novos itens e pratos inovadores. Se voc\u00ea n\u00e3o encontrar seus pratos favoritos em nosso card\u00e1pio, avise-nos. Nossos chefs experientes podem prepar\u00e1-los para voc\u00ea. Confira nosso card\u00e1pio e fa\u00e7a uma reserva para satisfazer seu desejo agora mesmo!\"><span class=\"Y2IQFc\" lang=\"pt\">Our Menu features some of the best Dishes of our Gastronomy. See for yourself, make a Reservation to satisfy your curiosity or to relive those familiar flavors!<\/span><\/p>    <\/div>\n<\/div>\n<!-- \/module text -->        <\/div>\n                    <\/div>\n                <div  data-lazy=\"1\" class=\"module_subrow themify_builder_sub_row tf_w col_align_top tb_col_count_1 tb_72pt454\">\n                <div  data-lazy=\"1\" class=\"module_column sub_column col-full tb_qfre454 first\">\n                    <!-- module image -->\n<div  class=\"module module-image tb_ina4920 image-top   tf_mw\" data-lazy=\"1\">\n        <div class=\"image-wrap tf_rel tf_mw\">\n            <img loading=\"lazy\" decoding=\"async\" src=\"https:\/\/cantinhodospetiscos.com\/2025\/wp-content\/uploads\/2025\/10\/sobre_nos_header.jpg\" width=\"840\" height=\"400\" title=\"About Us\" alt=\"About Us\">    \n        <\/div>\n    <!-- \/image-wrap -->\n    \n        <\/div>\n<!-- \/module image -->        <\/div>\n                    <\/div>\n                <\/div>\n                        <\/div>\n        <\/div>\n                        <div  data-lazy=\"1\" class=\"module_row themify_builder_row tb_x5sq439 tf_w\">\n                        <div class=\"row_inner col_align_top tb_col_count_1 tf_box tf_rel\">\n                        <div  data-lazy=\"1\" class=\"module_column tb-column col-full tb_6ogd441 first\">\n                    <!-- module text -->\n<div  class=\"module module-text tb_m7uf353   \" data-lazy=\"1\">\n        <div  class=\"tb_text_wrap\">\n        <h2>SPECIALTIES<\/h2>    <\/div>\n<\/div>\n<!-- \/module text -->        <\/div>\n                        <\/div>\n        <\/div>\n                        <div  data-lazy=\"1\" class=\"module_row themify_builder_row tb_gkq5544 tf_w\">\n                        <div class=\"row_inner col_align_top tb_col_count_1 tf_box tf_rel\">\n                        <div  data-lazy=\"1\" class=\"module_column tb-column col-full tb_l5mo545 first\">\n                            <div  data-lazy=\"1\" class=\"module_subrow themify_builder_sub_row tf_w col_align_top tb_col_count_3 tb_qbe7963\">\n                <div  data-lazy=\"1\" class=\"module_column sub_column col3-1 tb_ovep964 first\">\n                    <!-- module image -->\n<div  class=\"module module-image tb_0yjp769 image-center   auto_fullwidth tf_mw tb_gs384614\" data-lazy=\"1\">\n        <div class=\"image-wrap tf_rel tf_mw\">\n            <img loading=\"lazy\" decoding=\"async\" src=\"https:\/\/cantinhodospetiscos.com\/2025\/wp-content\/uploads\/2025\/10\/sobre_nos05.jpg\" width=\"300\" height=\"300\" title=\"Grilled Fish\" alt=\"Grilled Fish\">    \n        <\/div>\n    <!-- \/image-wrap -->\n    \n        <div class=\"image-content\">\n                    <h3 class=\"image-title\">\n                                    Grilled Fish                            <\/h3>\n                    <\/div>\n    <!-- \/image-content -->\n        <\/div>\n<!-- \/module image -->        <\/div>\n                    <div  data-lazy=\"1\" class=\"module_column sub_column col3-1 tb_oryl964\">\n                    <!-- module image -->\n<div  class=\"module module-image tb_u6te351 image-center   auto_fullwidth tf_mw tb_gs384614\" data-lazy=\"1\">\n        <div class=\"image-wrap tf_rel tf_mw\">\n            <img loading=\"lazy\" decoding=\"async\" src=\"https:\/\/cantinhodospetiscos.com\/2025\/wp-content\/uploads\/2025\/10\/sobre_nos06.jpg\" width=\"300\" height=\"300\" title=\"Sirloin Steaks\" alt=\"Sirloin Steaks\">    \n        <\/div>\n    <!-- \/image-wrap -->\n    \n        <div class=\"image-content\">\n                    <h3 class=\"image-title\">\n                                    Sirloin Steaks                            <\/h3>\n                    <\/div>\n    <!-- \/image-content -->\n        <\/div>\n<!-- \/module image -->        <\/div>\n                    <div  data-lazy=\"1\" class=\"module_column sub_column col3-1 tb_vkjj938 last\">\n                    <!-- module image -->\n<div  class=\"module module-image tb_b35a141 image-center   auto_fullwidth tf_mw tb_gs384614\" data-lazy=\"1\">\n        <div class=\"image-wrap tf_rel tf_mw\">\n            <img loading=\"lazy\" decoding=\"async\" src=\"https:\/\/cantinhodospetiscos.com\/2025\/wp-content\/uploads\/2025\/10\/sobre_nos07.jpg\" width=\"300\" height=\"300\" title=\"Fried Cuttlefish\" alt=\"Fried Cuttlefish\">    \n        <\/div>\n    <!-- \/image-wrap -->\n    \n        <div class=\"image-content\">\n                    <h3 class=\"image-title\">\n                                    Fried Cuttlefish                            <\/h3>\n                    <\/div>\n    <!-- \/image-content -->\n        <\/div>\n<!-- \/module image -->        <\/div>\n                    <\/div>\n                <\/div>\n                        <\/div>\n        <\/div>\n                        <div  data-css_id=\"95n4886\" data-lazy=\"1\" class=\"module_row themify_builder_row fullwidth tb_95n4886 tf_w\">\n                        <div class=\"row_inner col_align_top tb_col_count_1 tf_box tf_rel\">\n                        <div  data-lazy=\"1\" class=\"module_column tb-column col-full tb_yy80886 first\">\n                    <!-- module template_part -->\n<div  class=\"module module-layout-part tb_0yv0887 \">\n    <div class=\"tb_layout_part_wrap tf_w\"><!--themify_builder_content-->\n    <div  class=\"themify_builder_content themify_builder_content-665 themify_builder not_editable_builder in_the_loop\" data-postid=\"665\">\n                        <div  data-lazy=\"1\" class=\"module_row themify_builder_row tb_dj0u426 tf_w\">\n            <span  class=\"builder_row_cover tf_abs\" data-lazy=\"1\"><\/span>            <div class=\"row_inner col_align_top tb_col_count_1 tf_box tf_rel\">\n                        <div  data-lazy=\"1\" class=\"module_column tb-column col-full tb_7o80426 first\">\n                            <div  data-lazy=\"1\" class=\"module_subrow themify_builder_sub_row tf_w col_align_middle tb_col_count_4 tb_ar9b426\">\n                <div  data-lazy=\"1\" class=\"module_column sub_column col4-1 tb_nk7p426 first\">\n                    <!-- module text -->\n<div  class=\"module module-text tb_0rku426   \" data-lazy=\"1\">\n        <div  class=\"tb_text_wrap\">\n        <p>70+<\/p>    <\/div>\n<\/div>\n<!-- \/module text --><!-- module text -->\n<div  class=\"module module-text tb_23lw426   \" data-lazy=\"1\">\n        <div  class=\"tb_text_wrap\">\n        <p>Dishes<\/p>    <\/div>\n<\/div>\n<!-- \/module text -->        <\/div>\n                    <div  data-lazy=\"1\" class=\"module_column sub_column col4-1 tb_mtlc21\">\n                    <!-- module text -->\n<div  class=\"module module-text tb_yvbw22   \" data-lazy=\"1\">\n        <div  class=\"tb_text_wrap\">\n        <p>10k+<\/p>    <\/div>\n<\/div>\n<!-- \/module text --><!-- module text -->\n<div  class=\"module module-text tb_mcld22   \" data-lazy=\"1\">\n        <div  class=\"tb_text_wrap\">\n        <p>Smiles<\/p>    <\/div>\n<\/div>\n<!-- \/module text -->        <\/div>\n                    <div  data-lazy=\"1\" class=\"module_column sub_column col4-1 tb_2e50426\">\n                    <!-- module text -->\n<div  class=\"module module-text tb_eofh190   \" data-lazy=\"1\">\n        <div  class=\"tb_text_wrap\">\n        <p>1k+<\/p>    <\/div>\n<\/div>\n<!-- \/module text --><!-- module text -->\n<div  class=\"module module-text tb_4slk426   \" data-lazy=\"1\">\n        <div  class=\"tb_text_wrap\">\n        <p>5 Stars<\/p>    <\/div>\n<\/div>\n<!-- \/module text -->        <\/div>\n                    <div  data-lazy=\"1\" class=\"module_column sub_column col4-1 tb_at7g426 last\">\n                    <!-- module text -->\n<div  class=\"module module-text tb_gl25363   \" data-lazy=\"1\">\n        <div  class=\"tb_text_wrap\">\n        <p>30+<\/p>    <\/div>\n<\/div>\n<!-- \/module text --><!-- module text -->\n<div  class=\"module module-text tb_aoge426   \" data-lazy=\"1\">\n        <div  class=\"tb_text_wrap\">\n        <p>Years of Experience<\/p>    <\/div>\n<\/div>\n<!-- \/module text -->        <\/div>\n                    <\/div>\n                <\/div>\n                        <\/div>\n        <\/div>\n            <\/div>\n<!--\/themify_builder_content--><\/div>\n<\/div>\n<!-- \/module template_part -->        <\/div>\n                        <\/div>\n        <\/div>\n        <\/div>\n<!--\/themify_builder_content-->\r\n\r\n<p>&nbsp;<\/p>","protected":false},"excerpt":{"rendered":"<p>&nbsp;<\/p>\n","protected":false},"author":1,"featured_media":0,"parent":0,"menu_order":0,"comment_status":"closed","ping_status":"closed","template":"","meta":{"footnotes":""},"class_list":["post-575","page","type-page","status-publish","hentry","has-post-title","has-post-date","has-post-category","has-post-tag","has-post-comment","has-post-author",""],"_links":{"self":[{"href":"https:\/\/cantinhodospetiscos.com\/en\/wp-json\/wp\/v2\/pages\/575","targetHints":{"allow":["GET"]}}],"collection":[{"href":"https:\/\/cantinhodospetiscos.com\/en\/wp-json\/wp\/v2\/pages"}],"about":[{"href":"https:\/\/cantinhodospetiscos.com\/en\/wp-json\/wp\/v2\/types\/page"}],"author":[{"embeddable":true,"href":"https:\/\/cantinhodospetiscos.com\/en\/wp-json\/wp\/v2\/users\/1"}],"replies":[{"embeddable":true,"href":"https:\/\/cantinhodospetiscos.com\/en\/wp-json\/wp\/v2\/comments?post=575"}],"version-history":[{"count":13,"href":"https:\/\/cantinhodospetiscos.com\/en\/wp-json\/wp\/v2\/pages\/575\/revisions"}],"predecessor-version":[{"id":677,"href":"https:\/\/cantinhodospetiscos.com\/en\/wp-json\/wp\/v2\/pages\/575\/revisions\/677"}],"wp:attachment":[{"href":"https:\/\/cantinhodospetiscos.com\/en\/wp-json\/wp\/v2\/media?parent=575"}],"curies":[{"name":"wp","href":"https:\/\/api.w.org\/{rel}","templated":true}]}}